{"id":25980,"date":"2024-04-27T19:12:17","date_gmt":"2024-04-27T22:12:17","guid":{"rendered":"https:\/\/lanproject.com.ar\/?page_id=25980"},"modified":"2026-04-14T01:49:35","modified_gmt":"2026-04-14T04:49:35","slug":"arielbiez","status":"publish","type":"page","link":"https:\/\/lanproject.com.ar\/en\/arielbiez\/","title":{"rendered":"Biograf\u00eda de Ariel Biez"},"content":{"rendered":"<div data-elementor-type=\"wp-post\" data-elementor-id=\"25980\" class=\"elementor elementor-25980\">\n\t\t\t\t<div class=\"elementor-element elementor-element-f46f18d e-flex e-con-boxed e-con e-parent\" data-id=\"f46f18d\" data-element_type=\"container\" data-e-type=\"container\" data-settings=\"{&quot;background_background&quot;:&quot;gradient&quot;}\">\n\t\t\t\t\t<div class=\"e-con-inner\">\n\t\t<div class=\"elementor-element elementor-element-b63bc43 e-con-full e-flex e-con e-child\" data-id=\"b63bc43\" data-element_type=\"container\" data-e-type=\"container\">\n\t\t\t\t<div class=\"elementor-element elementor-element-89d77b9 elementor-widget elementor-widget-image-box\" data-id=\"89d77b9\" data-element_type=\"widget\" data-e-type=\"widget\" data-widget_type=\"image-box.default\">\n\t\t\t\t<div class=\"elementor-widget-container\">\n\t\t\t\t\t<div class=\"elementor-image-box-wrapper\"><div class=\"elementor-image-box-content\"><h1 class=\"elementor-image-box-title\">Ariel Biez<\/h1><p class=\"elementor-image-box-description\">Biografia<\/p><\/div><\/div>\t\t\t\t<\/div>\n\t\t\t\t<\/div>\n\t\t\t\t<\/div>\n\t\t\t\t\t<\/div>\n\t\t\t\t<\/div>\n\t\t<div class=\"elementor-element elementor-element-2394f68 e-flex e-con-boxed e-con e-parent\" data-id=\"2394f68\" data-element_type=\"container\" data-e-type=\"container\" data-settings=\"{&quot;background_background&quot;:&quot;classic&quot;,&quot;shape_divider_top&quot;:&quot;waves&quot;}\">\n\t\t\t\t\t<div class=\"e-con-inner\">\n\t\t\t\t<div class=\"elementor-shape elementor-shape-top\" aria-hidden=\"true\" data-negative=\"false\">\n\t\t\t<svg xmlns=\"http:\/\/www.w3.org\/2000\/svg\" viewbox=\"0 0 1000 100\" preserveaspectratio=\"none\">\n\t<path class=\"elementor-shape-fill\" d=\"M421.9,6.5c22.6-2.5,51.5,0.4,75.5,5.3c23.6,4.9,70.9,23.5,100.5,35.7c75.8,32.2,133.7,44.5,192.6,49.7\tc23.6,2.1,48.7,3.5,103.4-2.5c54.7-6,106.2-25.6,106.2-25.6V0H0v30.3c0,0,72,32.6,158.4,30.5c39.2-0.7,92.8-6.7,134-22.4\tc21.2-8.1,52.2-18.2,79.7-24.2C399.3,7.9,411.6,7.5,421.9,6.5z\"\/>\n<\/svg>\t\t<\/div>\n\t\t<div class=\"elementor-element elementor-element-8988ee2 e-con-full e-flex e-con e-child\" data-id=\"8988ee2\" data-element_type=\"container\" data-e-type=\"container\">\n\t\t\t\t<div class=\"elementor-element elementor-element-4bd3e3c elementor-widget elementor-widget-heading\" data-id=\"4bd3e3c\" data-element_type=\"widget\" data-e-type=\"widget\" data-widget_type=\"heading.default\">\n\t\t\t\t<div class=\"elementor-widget-container\">\n\t\t\t\t\t<h2 class=\"elementor-heading-title elementor-size-default\">Ejemplo de biografia<\/h2>\t\t\t\t<\/div>\n\t\t\t\t<\/div>\n\t\t<div class=\"elementor-element elementor-element-b3ba22e e-con-full e-flex e-con e-child\" data-id=\"b3ba22e\" data-element_type=\"container\" data-e-type=\"container\">\n\t\t<div class=\"elementor-element elementor-element-782bd70 e-con-full e-flex e-con e-child\" data-id=\"782bd70\" data-element_type=\"container\" data-e-type=\"container\" data-settings=\"{&quot;background_background&quot;:&quot;classic&quot;}\">\n\t\t\t\t<div class=\"elementor-element elementor-element-b1ce9e3 elementor-widget elementor-widget-text-editor\" data-id=\"b1ce9e3\" data-element_type=\"widget\" data-e-type=\"widget\" data-widget_type=\"text-editor.default\">\n\t\t\t\t<div class=\"elementor-widget-container\">\n\t\t\t\t\t\t\t\t\t<h1 data-start=\"300\" data-end=\"327\">Biograf\u00eda de Ariel Biez<\/h1><p data-start=\"329\" data-end=\"530\">Soy <strong data-start=\"333\" data-end=\"347\">Ariel Biez<\/strong>, fundador de <strong data-start=\"361\" data-end=\"376\">Lan Project<\/strong>, actor, escritor, coach emocional y desarrollador, con un camino de vida marcado por la b\u00fasqueda del conocimiento, la innovaci\u00f3n y los valores humanos.<\/p><h3 data-start=\"532\" data-end=\"566\">Formaci\u00f3n y camino acad\u00e9mico<\/h3><p data-start=\"567\" data-end=\"913\">Desde peque\u00f1o me destaqu\u00e9 por mi compromiso y dedicaci\u00f3n al estudio: fui <strong data-start=\"640\" data-end=\"722\">abanderado en el jard\u00edn de infantes, en la escuela primaria y en la secundaria<\/strong>, y ya en la universidad logr\u00e9 <strong data-start=\"753\" data-end=\"798\">promedios y calificaciones sobresalientes<\/strong>. Esa trayectoria refleja no solo capacidad acad\u00e9mica, sino tambi\u00e9n constancia, disciplina y pasi\u00f3n por aprender.<\/p><p data-start=\"915\" data-end=\"967\">Con los a\u00f1os, mi formaci\u00f3n fue diversa y profunda:<\/p><ul data-start=\"969\" data-end=\"1577\"><li data-start=\"969\" data-end=\"1029\"><p data-start=\"971\" data-end=\"1029\"><strong data-start=\"971\" data-end=\"980\">Actor<\/strong>, con herramientas de expresi\u00f3n y comunicaci\u00f3n.<\/p><\/li><li data-start=\"1030\" data-end=\"1107\"><p data-start=\"1032\" data-end=\"1107\"><strong data-start=\"1032\" data-end=\"1044\">Sex\u00f3logo<\/strong>, con una mirada integral sobre las emociones y la intimidad.<\/p><\/li><li data-start=\"1108\" data-end=\"1189\"><p data-start=\"1110\" data-end=\"1189\"><strong data-start=\"1110\" data-end=\"1129\">Coach emocional<\/strong>, desarrollando mi propia visi\u00f3n de acompa\u00f1amiento humano.<\/p><\/li><li data-start=\"1190\" data-end=\"1306\"><p data-start=\"1192\" data-end=\"1306\"><strong data-start=\"1192\" data-end=\"1231\">Medicina (modelo m\u00e9dico hegem\u00f3nico)<\/strong>, estudios iniciados que me dieron bases s\u00f3lidas en ciencias de la salud.<\/p><\/li><li data-start=\"1307\" data-end=\"1366\"><p data-start=\"1309\" data-end=\"1366\"><strong data-start=\"1309\" data-end=\"1323\">Psicolog\u00eda<\/strong>, estudiada de manera aut\u00f3noma y cr\u00edtica.<\/p><\/li><li data-start=\"1367\" data-end=\"1577\"><p data-start=\"1369\" data-end=\"1577\"><strong data-start=\"1369\" data-end=\"1384\">Inform\u00e1tica<\/strong>, disciplina que me acompa\u00f1\u00f3 durante toda mi vida, en la que realic\u00e9 numerosos cursos y en la que me convert\u00ed en especialista, con dominio total de hardware, software, redes y desarrollo web.<\/p><\/li><\/ul><h3 data-start=\"1579\" data-end=\"1608\">Psicolog\u00eda del Realismo<\/h3><p data-start=\"1609\" data-end=\"2108\">De mi recorrido vital y acad\u00e9mico naci\u00f3 la <strong data-start=\"1652\" data-end=\"1679\">Psicolog\u00eda del Realismo<\/strong>, una teor\u00eda personal que sostiene que existe una \u00fanica realidad objetiva y que comprenderla con el menor grado posible de subjetividad es esencial para alcanzar el autoconocimiento y la plenitud.<br data-start=\"1875\" data-end=\"1878\" \/>Este enfoque busca ir m\u00e1s all\u00e1 de los paradigmas tradicionales, se\u00f1alando las fallas de la psicolog\u00eda humana actual, dominada por el ego\u00edsmo y la superficialidad, para invitar a vivir con <strong data-start=\"2066\" data-end=\"2105\">valores, autenticidad y consciencia<\/strong>.<\/p><h3 data-start=\"2110\" data-end=\"2151\">Escritor: <em data-start=\"2124\" data-end=\"2149\">La realidad es una sola<\/em><\/h3><p data-start=\"2152\" data-end=\"2452\">Actualmente trabajo en mi libro <strong data-start=\"2184\" data-end=\"2213\">\u201cLa realidad es una sola\u201d<\/strong>, donde presento en detalle mi teor\u00eda de Psicolog\u00eda del Realismo. El objetivo es ofrecer una mirada clara y realista de la conducta humana y la sociedad, despertando en los lectores la capacidad de transformar su vida hacia lo verdadero.<\/p><h3 data-start=\"2454\" data-end=\"2482\">Tecnolog\u00eda y proyectos<\/h3><p data-start=\"2483\" data-end=\"2841\">Paralelamente, desarroll\u00e9 <strong data-start=\"2509\" data-end=\"2524\">Lan Project<\/strong>, un espacio tecnol\u00f3gico en el que combino mi experiencia en <strong data-start=\"2585\" data-end=\"2654\">inform\u00e1tica, reparaci\u00f3n de PC, desarrollo web y seguridad digital<\/strong>. Mi visi\u00f3n es que la tecnolog\u00eda sea una herramienta para el crecimiento humano y no un fin en s\u00ed mismo, uniendo <strong data-start=\"2767\" data-end=\"2795\">raz\u00f3n, emoci\u00f3n y t\u00e9cnica<\/strong> para generar confianza y resultados reales.<\/p><h3 data-start=\"2843\" data-end=\"2867\">Filosof\u00eda personal<\/h3><p data-start=\"2868\" data-end=\"3060\">Me defino como alguien <strong data-start=\"2891\" data-end=\"2949\">fuerte, leal, protector, sensible y con liderazgo nato<\/strong>, cualidades que se manifestaron desde mi ni\u00f1ez y se consolidaron en mi vida adulta.<br data-start=\"3033\" data-end=\"3036\" \/>Mi prop\u00f3sito es claro:<\/p><ul data-start=\"3061\" data-end=\"3286\"><li data-start=\"3061\" data-end=\"3112\"><p data-start=\"3063\" data-end=\"3112\"><strong data-start=\"3063\" data-end=\"3109\">Ayudar a las personas a despertar y crecer<\/strong>.<\/p><\/li><li data-start=\"3113\" data-end=\"3200\"><p data-start=\"3115\" data-end=\"3200\"><strong data-start=\"3115\" data-end=\"3162\">Unir ciencia, arte, tecnolog\u00eda y psicolog\u00eda<\/strong> en un enfoque realista e innovador.<\/p><\/li><li data-start=\"3201\" data-end=\"3286\"><p data-start=\"3203\" data-end=\"3286\"><strong data-start=\"3203\" data-end=\"3244\">Dejar un impacto positivo en el mundo<\/strong>, basado en valores, verdad y humanidad.<\/p><\/li><\/ul>\t\t\t\t\t\t\t\t<\/div>\n\t\t\t\t<\/div>\n\t\t\t\t<\/div>\n\t\t<div class=\"elementor-element elementor-element-8c6ab5c e-con-full e-flex e-con e-child\" data-id=\"8c6ab5c\" data-element_type=\"container\" data-e-type=\"container\" data-settings=\"{&quot;background_background&quot;:&quot;classic&quot;}\">\n\t\t\t\t<div class=\"elementor-element elementor-element-47cf814 elementor-widget elementor-widget-text-editor\" data-id=\"47cf814\" data-element_type=\"widget\" data-e-type=\"widget\" data-widget_type=\"text-editor.default\">\n\t\t\t\t<div class=\"elementor-widget-container\">\n\t\t\t\t\t\t\t\t\t<div class=\"vector-body-before-content\"><div class=\"mw-indicators\"><table class=\"infobox biography vcard\" style=\"font-size: 16px;\"><tbody><tr><th style=\"background-color: #0274be;\" colspan=\"3\">Ariel Biez<\/th><\/tr><tr><td class=\"imagen\" colspan=\"3\"><a href=\"https:\/\/lanproject.com.ar\/wp-content\/uploads\/2026\/04\/arielbiez.png\"><img fetchpriority=\"high\" decoding=\"async\" class=\"wp-image-35734 size-medium aligncenter\" src=\"https:\/\/lanproject.com.ar\/wp-content\/uploads\/2026\/04\/arielbiez-200x300.png\" alt=\"\" width=\"200\" height=\"300\" srcset=\"https:\/\/lanproject.com.ar\/wp-content\/uploads\/2026\/04\/arielbiez-200x300.png 200w, https:\/\/lanproject.com.ar\/wp-content\/uploads\/2026\/04\/arielbiez-683x1024.png 683w, https:\/\/lanproject.com.ar\/wp-content\/uploads\/2026\/04\/arielbiez-768x1152.png 768w, https:\/\/lanproject.com.ar\/wp-content\/uploads\/2026\/04\/arielbiez-8x12.png 8w, https:\/\/lanproject.com.ar\/wp-content\/uploads\/2026\/04\/arielbiez-600x900.png 600w, https:\/\/lanproject.com.ar\/wp-content\/uploads\/2026\/04\/arielbiez.png 1024w\" sizes=\"(max-width: 200px) 100vw, 200px\" \/><\/a><\/td><\/tr><tr><th style=\"background-color: #0274be;\" colspan=\"3\">Informaci\u00f3n personal<\/th><\/tr><tr><th scope=\"row\">Nombre completo<\/th><td colspan=\"2\">Ariel Biez<\/td><\/tr><tr><th scope=\"row\">Nacimiento<\/th><td colspan=\"2\">&#8212;&#8212;&#8212;&#8212;&#8212;-<br \/>Buenos Aires, <a href=\"https:\/\/es.wikipedia.org\/wiki\/Argentina\">Argentina<\/a><\/td><\/tr><tr><th scope=\"row\">Nacionalidad<\/th><td class=\"category\" colspan=\"2\"><a href=\"https:\/\/es.wikipedia.org\/wiki\/Nacionalidad_argentina\">Argentina<\/a><\/td><\/tr><tr><th scope=\"row\">Lengua materna<\/th><td colspan=\"2\"><span class=\"wikidata-link lapiz noprint\"><a href=\"https:\/\/es.wikipedia.org\/wiki\/Idioma_espa%C3%B1ol\">Espa\u00f1ol<\/a>\u00a0<\/span><\/td><\/tr><tr><th style=\"background-color: #0274be;\" colspan=\"3\">Familia<\/th><\/tr><tr><th scope=\"row\">C\u00f3nyuge<\/th><td class=\"plainlist\" colspan=\"2\">No posee<\/td><\/tr><tr><th scope=\"row\">Hijos<\/th><td class=\"plainlist\" colspan=\"2\">0<\/td><\/tr><tr><th style=\"background-color: #0274be;\" colspan=\"3\">Educacion<\/th><\/tr><tr><th scope=\"row\">Educado en<\/th><td class=\"plainlist\" colspan=\"2\"><ul><li>Bachillerato en Ciencias Naturales<\/li><li><a title=\"Real Academia de Arte Dram\u00e1tico\" href=\"https:\/\/es.wikipedia.org\/wiki\/Real_Academia_de_Arte_Dram%C3%A1tico\">Real Academia de Arte Dram\u00e1tico<\/a>\u00a0<small>(<a title=\"Actuaci\u00f3n\" href=\"https:\/\/es.wikipedia.org\/wiki\/Actuaci%C3%B3n\">Actuaci\u00f3n<\/a>; hasta 1994)<\/small><span class=\"wikidata-link lapiz noprint\">\u00a0<\/span><\/li><\/ul><\/td><\/tr><tr><th style=\"background-color: #0274be;\" colspan=\"3\">Informaci\u00f3n profesional<\/th><\/tr><tr><th scope=\"row\">Ocupaci\u00f3n<\/th><td class=\"role\" colspan=\"2\"><a title=\"Actor\" href=\"https:\/\/es.wikipedia.org\/wiki\/Actor\">Actor<\/a><\/td><\/tr><tr><th scope=\"row\">A\u00f1os activo<\/th><td colspan=\"2\">desde 1998<\/td><\/tr><tr><th scope=\"row\">Seud\u00f3nimo<\/th><td colspan=\"2\"><span class=\"wikidata-link lapiz noprint\">arielbiez <\/span><\/td><\/tr><tr><th scope=\"row\">Obras notables<\/th><td class=\"plainlist\" colspan=\"2\"><i>La realidad es una sola<\/i><span class=\"wikidata-link lapiz noprint\">\u00a0<\/span><\/td><\/tr><tr><th scope=\"row\">Distinciones<\/th><td class=\"plainlist\" colspan=\"2\"><ul><li>Experto en comportamiento humano<\/li><\/ul><\/td><\/tr><tr><td class=\"noprint\" colspan=\"3\"><div class=\"plainlinks wikidata-link\">\u00a0<\/div><\/td><\/tr><\/tbody><\/table><\/div><\/div>\t\t\t\t\t\t\t\t<\/div>\n\t\t\t\t<\/div>\n\t\t\t\t<\/div>\n\t\t\t\t<\/div>\n\t\t\t\t<\/div>\n\t\t\t\t\t<\/div>\n\t\t\t\t<\/div>\n\t\t\t\t<\/div>","protected":false},"excerpt":{"rendered":"<p>Ariel Biez Biografia Ejemplo de biografia Biograf\u00eda de Ariel Biez Soy Ariel Biez, fundador de Lan Project, actor, escritor, coach emocional y desarrollador, con un camino de vida marcado por la b\u00fasqueda del conocimiento, la innovaci\u00f3n y los valores humanos. Formaci\u00f3n y camino acad\u00e9mico Desde peque\u00f1o me destaqu\u00e9 por mi compromiso y dedicaci\u00f3n al estudio: [&hellip;]<\/p>\n","protected":false},"author":3,"featured_media":0,"parent":0,"menu_order":0,"comment_status":"closed","ping_status":"closed","template":"","meta":{"site-sidebar-layout":"no-sidebar","site-content-layout":"page-builder","ast-site-content-layout":"default","site-content-style":"default","site-sidebar-style":"default","ast-global-header-display":"","ast-banner-title-visibility":"","ast-main-header-display":"","ast-hfb-above-header-display":"","ast-hfb-below-header-display":"","ast-hfb-mobile-header-display":"","site-post-title":"disabled","ast-breadcrumbs-content":"","ast-featured-img":"disabled","footer-sml-layout":"","ast-disable-related-posts":"","theme-transparent-header-meta":"enabled","adv-header-id-meta":"","stick-header-meta":"","header-above-stick-meta":"","header-main-stick-meta":"","header-below-stick-meta":"","astra-migrate-meta-layouts":"default","ast-page-background-enabled":"default","ast-page-background-meta":{"desktop":{"background-color":"","background-image":"","background-repeat":"repeat","background-position":"center center","background-size":"auto","background-attachment":"scroll","background-type":"","background-media":"","overlay-type":"","overlay-color":"","overlay-opacity":"","overlay-gradient":""},"tablet":{"background-color":"","background-image":"","background-repeat":"repeat","background-position":"center center","background-size":"auto","background-attachment":"scroll","background-type":"","background-media":"","overlay-type":"","overlay-color":"","overlay-opacity":"","overlay-gradient":""},"mobile":{"background-color":"","background-image":"","background-repeat":"repeat","background-position":"center center","background-size":"auto","background-attachment":"scroll","background-type":"","background-media":"","overlay-type":"","overlay-color":"","overlay-opacity":"","overlay-gradient":""}},"ast-content-background-meta":{"desktop":{"background-color":"var(--ast-global-color-5)","background-image":"","background-repeat":"repeat","background-position":"center center","background-size":"auto","background-attachment":"scroll","background-type":"","background-media":"","overlay-type":"","overlay-color":"","overlay-opacity":"","overlay-gradient":""},"tablet":{"background-color":"var(--ast-global-color-5)","background-image":"","background-repeat":"repeat","background-position":"center center","background-size":"auto","background-attachment":"scroll","background-type":"","background-media":"","overlay-type":"","overlay-color":"","overlay-opacity":"","overlay-gradient":""},"mobile":{"background-color":"var(--ast-global-color-5)","background-image":"","background-repeat":"repeat","background-position":"center center","background-size":"auto","background-attachment":"scroll","background-type":"","background-media":"","overlay-type":"","overlay-color":"","overlay-opacity":"","overlay-gradient":""}},"footnotes":""},"class_list":["post-25980","page","type-page","status-publish","hentry"],"yoast_head":"<!-- This site is optimized with the Yoast SEO plugin v27.3 - https:\/\/yoast.com\/product\/yoast-seo-wordpress\/ -->\n<title>Biograf\u00eda de Ariel Biez - Lan Project<\/title>\n<meta name=\"robots\" content=\"index, follow, max-snippet:-1, max-image-preview:large, max-video-preview:-1\" \/>\n<link rel=\"canonical\" href=\"https:\/\/lanproject.com.ar\/en\/arielbiez\/\" \/>\n<meta property=\"og:locale\" content=\"en_US\" \/>\n<meta property=\"og:type\" content=\"article\" \/>\n<meta property=\"og:title\" content=\"Biograf\u00eda de Ariel Biez - Lan Project\" \/>\n<meta property=\"og:description\" content=\"Ariel Biez Biografia Ejemplo de biografia Biograf\u00eda de Ariel Biez Soy Ariel Biez, fundador de Lan Project, actor, escritor, coach emocional y desarrollador, con un camino de vida marcado por la b\u00fasqueda del conocimiento, la innovaci\u00f3n y los valores humanos. Formaci\u00f3n y camino acad\u00e9mico Desde peque\u00f1o me destaqu\u00e9 por mi compromiso y dedicaci\u00f3n al estudio: [&hellip;]\" \/>\n<meta property=\"og:url\" content=\"https:\/\/lanproject.com.ar\/en\/arielbiez\/\" \/>\n<meta property=\"og:site_name\" content=\"Lan Project\" \/>\n<meta property=\"article:modified_time\" content=\"2026-04-14T04:49:35+00:00\" \/>\n<meta property=\"og:image\" content=\"https:\/\/lanproject.com.ar\/wp-content\/uploads\/2026\/04\/arielbiez-200x300.png\" \/>\n<meta name=\"twitter:card\" content=\"summary_large_image\" \/>\n<meta name=\"twitter:label1\" content=\"Est. reading time\" \/>\n\t<meta name=\"twitter:data1\" content=\"3 minutes\" \/>\n<script type=\"application\/ld+json\" class=\"yoast-schema-graph\">{\"@context\":\"https:\\\/\\\/schema.org\",\"@graph\":[{\"@type\":\"WebPage\",\"@id\":\"https:\\\/\\\/lanproject.com.ar\\\/arielbiez\\\/\",\"url\":\"https:\\\/\\\/lanproject.com.ar\\\/arielbiez\\\/\",\"name\":\"Biograf\u00eda de Ariel Biez - Lan Project\",\"isPartOf\":{\"@id\":\"https:\\\/\\\/lightsteelblue-stork-117669.hostingersite.com\\\/#website\"},\"primaryImageOfPage\":{\"@id\":\"https:\\\/\\\/lanproject.com.ar\\\/arielbiez\\\/#primaryimage\"},\"image\":{\"@id\":\"https:\\\/\\\/lanproject.com.ar\\\/arielbiez\\\/#primaryimage\"},\"thumbnailUrl\":\"https:\\\/\\\/lanproject.com.ar\\\/wp-content\\\/uploads\\\/2026\\\/04\\\/arielbiez-200x300.png\",\"datePublished\":\"2024-04-27T22:12:17+00:00\",\"dateModified\":\"2026-04-14T04:49:35+00:00\",\"breadcrumb\":{\"@id\":\"https:\\\/\\\/lanproject.com.ar\\\/arielbiez\\\/#breadcrumb\"},\"inLanguage\":\"en-US\",\"potentialAction\":[{\"@type\":\"ReadAction\",\"target\":[\"https:\\\/\\\/lanproject.com.ar\\\/arielbiez\\\/\"]}]},{\"@type\":\"ImageObject\",\"inLanguage\":\"en-US\",\"@id\":\"https:\\\/\\\/lanproject.com.ar\\\/arielbiez\\\/#primaryimage\",\"url\":\"https:\\\/\\\/lanproject.com.ar\\\/wp-content\\\/uploads\\\/2026\\\/04\\\/arielbiez-200x300.png\",\"contentUrl\":\"https:\\\/\\\/lanproject.com.ar\\\/wp-content\\\/uploads\\\/2026\\\/04\\\/arielbiez-200x300.png\"},{\"@type\":\"BreadcrumbList\",\"@id\":\"https:\\\/\\\/lanproject.com.ar\\\/arielbiez\\\/#breadcrumb\",\"itemListElement\":[{\"@type\":\"ListItem\",\"position\":1,\"name\":\"Portada\",\"item\":\"https:\\\/\\\/lanproject.com.ar\\\/\"},{\"@type\":\"ListItem\",\"position\":2,\"name\":\"Biograf\u00eda de Ariel Biez\"}]},{\"@type\":\"WebSite\",\"@id\":\"https:\\\/\\\/lightsteelblue-stork-117669.hostingersite.com\\\/#website\",\"url\":\"https:\\\/\\\/lightsteelblue-stork-117669.hostingersite.com\\\/\",\"name\":\"Lan Project\",\"description\":\"Servicios inform\u00e1ticos, mayor calidad a menor precio...\",\"publisher\":{\"@id\":\"https:\\\/\\\/lightsteelblue-stork-117669.hostingersite.com\\\/#organization\"},\"potentialAction\":[{\"@type\":\"SearchAction\",\"target\":{\"@type\":\"EntryPoint\",\"urlTemplate\":\"https:\\\/\\\/lightsteelblue-stork-117669.hostingersite.com\\\/?s={search_term_string}\"},\"query-input\":{\"@type\":\"PropertyValueSpecification\",\"valueRequired\":true,\"valueName\":\"search_term_string\"}}],\"inLanguage\":\"en-US\"},{\"@type\":\"Organization\",\"@id\":\"https:\\\/\\\/lightsteelblue-stork-117669.hostingersite.com\\\/#organization\",\"name\":\"Lan Project\",\"url\":\"https:\\\/\\\/lightsteelblue-stork-117669.hostingersite.com\\\/\",\"logo\":{\"@type\":\"ImageObject\",\"inLanguage\":\"en-US\",\"@id\":\"https:\\\/\\\/lightsteelblue-stork-117669.hostingersite.com\\\/#\\\/schema\\\/logo\\\/image\\\/\",\"url\":\"https:\\\/\\\/lanproject.com.ar\\\/wp-content\\\/uploads\\\/2024\\\/04\\\/logo_LPC.png\",\"contentUrl\":\"https:\\\/\\\/lanproject.com.ar\\\/wp-content\\\/uploads\\\/2024\\\/04\\\/logo_LPC.png\",\"width\":500,\"height\":500,\"caption\":\"Lan Project\"},\"image\":{\"@id\":\"https:\\\/\\\/lightsteelblue-stork-117669.hostingersite.com\\\/#\\\/schema\\\/logo\\\/image\\\/\"}}]}<\/script>\n<!-- \/ Yoast SEO plugin. -->","yoast_head_json":{"title":"Biograf\u00eda de Ariel Biez - Lan Project","robots":{"index":"index","follow":"follow","max-snippet":"max-snippet:-1","max-image-preview":"max-image-preview:large","max-video-preview":"max-video-preview:-1"},"canonical":"https:\/\/lanproject.com.ar\/en\/arielbiez\/","og_locale":"en_US","og_type":"article","og_title":"Biograf\u00eda de Ariel Biez - Lan Project","og_description":"Ariel Biez Biografia Ejemplo de biografia Biograf\u00eda de Ariel Biez Soy Ariel Biez, fundador de Lan Project, actor, escritor, coach emocional y desarrollador, con un camino de vida marcado por la b\u00fasqueda del conocimiento, la innovaci\u00f3n y los valores humanos. Formaci\u00f3n y camino acad\u00e9mico Desde peque\u00f1o me destaqu\u00e9 por mi compromiso y dedicaci\u00f3n al estudio: [&hellip;]","og_url":"https:\/\/lanproject.com.ar\/en\/arielbiez\/","og_site_name":"Lan Project","article_modified_time":"2026-04-14T04:49:35+00:00","og_image":[{"url":"https:\/\/lanproject.com.ar\/wp-content\/uploads\/2026\/04\/arielbiez-200x300.png","type":"","width":"","height":""}],"twitter_card":"summary_large_image","twitter_misc":{"Est. reading time":"3 minutes"},"schema":{"@context":"https:\/\/schema.org","@graph":[{"@type":"WebPage","@id":"https:\/\/lanproject.com.ar\/arielbiez\/","url":"https:\/\/lanproject.com.ar\/arielbiez\/","name":"Biograf\u00eda de Ariel Biez - Lan Project","isPartOf":{"@id":"https:\/\/lightsteelblue-stork-117669.hostingersite.com\/#website"},"primaryImageOfPage":{"@id":"https:\/\/lanproject.com.ar\/arielbiez\/#primaryimage"},"image":{"@id":"https:\/\/lanproject.com.ar\/arielbiez\/#primaryimage"},"thumbnailUrl":"https:\/\/lanproject.com.ar\/wp-content\/uploads\/2026\/04\/arielbiez-200x300.png","datePublished":"2024-04-27T22:12:17+00:00","dateModified":"2026-04-14T04:49:35+00:00","breadcrumb":{"@id":"https:\/\/lanproject.com.ar\/arielbiez\/#breadcrumb"},"inLanguage":"en-US","potentialAction":[{"@type":"ReadAction","target":["https:\/\/lanproject.com.ar\/arielbiez\/"]}]},{"@type":"ImageObject","inLanguage":"en-US","@id":"https:\/\/lanproject.com.ar\/arielbiez\/#primaryimage","url":"https:\/\/lanproject.com.ar\/wp-content\/uploads\/2026\/04\/arielbiez-200x300.png","contentUrl":"https:\/\/lanproject.com.ar\/wp-content\/uploads\/2026\/04\/arielbiez-200x300.png"},{"@type":"BreadcrumbList","@id":"https:\/\/lanproject.com.ar\/arielbiez\/#breadcrumb","itemListElement":[{"@type":"ListItem","position":1,"name":"Portada","item":"https:\/\/lanproject.com.ar\/"},{"@type":"ListItem","position":2,"name":"Biograf\u00eda de Ariel Biez"}]},{"@type":"WebSite","@id":"https:\/\/lightsteelblue-stork-117669.hostingersite.com\/#website","url":"https:\/\/lightsteelblue-stork-117669.hostingersite.com\/","name":"Lan Project","description":"Servicios inform\u00e1ticos, mayor calidad a menor precio...","publisher":{"@id":"https:\/\/lightsteelblue-stork-117669.hostingersite.com\/#organization"},"potentialAction":[{"@type":"SearchAction","target":{"@type":"EntryPoint","urlTemplate":"https:\/\/lightsteelblue-stork-117669.hostingersite.com\/?s={search_term_string}"},"query-input":{"@type":"PropertyValueSpecification","valueRequired":true,"valueName":"search_term_string"}}],"inLanguage":"en-US"},{"@type":"Organization","@id":"https:\/\/lightsteelblue-stork-117669.hostingersite.com\/#organization","name":"Lan Project","url":"https:\/\/lightsteelblue-stork-117669.hostingersite.com\/","logo":{"@type":"ImageObject","inLanguage":"en-US","@id":"https:\/\/lightsteelblue-stork-117669.hostingersite.com\/#\/schema\/logo\/image\/","url":"https:\/\/lanproject.com.ar\/wp-content\/uploads\/2024\/04\/logo_LPC.png","contentUrl":"https:\/\/lanproject.com.ar\/wp-content\/uploads\/2024\/04\/logo_LPC.png","width":500,"height":500,"caption":"Lan Project"},"image":{"@id":"https:\/\/lightsteelblue-stork-117669.hostingersite.com\/#\/schema\/logo\/image\/"}}]}},"_links":{"self":[{"href":"https:\/\/lanproject.com.ar\/en\/wp-json\/wp\/v2\/pages\/25980","targetHints":{"allow":["GET"]}}],"collection":[{"href":"https:\/\/lanproject.com.ar\/en\/wp-json\/wp\/v2\/pages"}],"about":[{"href":"https:\/\/lanproject.com.ar\/en\/wp-json\/wp\/v2\/types\/page"}],"author":[{"embeddable":true,"href":"https:\/\/lanproject.com.ar\/en\/wp-json\/wp\/v2\/users\/3"}],"replies":[{"embeddable":true,"href":"https:\/\/lanproject.com.ar\/en\/wp-json\/wp\/v2\/comments?post=25980"}],"version-history":[{"count":8,"href":"https:\/\/lanproject.com.ar\/en\/wp-json\/wp\/v2\/pages\/25980\/revisions"}],"predecessor-version":[{"id":35740,"href":"https:\/\/lanproject.com.ar\/en\/wp-json\/wp\/v2\/pages\/25980\/revisions\/35740"}],"wp:attachment":[{"href":"https:\/\/lanproject.com.ar\/en\/wp-json\/wp\/v2\/media?parent=25980"}],"curies":[{"name":"wp","href":"https:\/\/api.w.org\/{rel}","templated":true}]}}